{"id":57,"date":"2024-03-10T14:07:14","date_gmt":"2024-03-10T14:07:14","guid":{"rendered":"https:\/\/phenomenal-kinkajou-63d47d.instawp.xyz\/?page_id=57"},"modified":"2026-03-20T14:07:16","modified_gmt":"2026-03-20T14:07:16","slug":"home","status":"publish","type":"page","link":"https:\/\/tpscreenshots01.supserv.cozmoslabs.com\/es\/","title":{"rendered":"Inicio"},"content":{"rendered":"<div data-elementor-type=\"wp-page\" data-elementor-id=\"57\" class=\"elementor elementor-57\" data-elementor-post-type=\"page\">\n\t\t\t\t<div class=\"elementor-element elementor-element-082dfa6 e-flex e-con-boxed e-con e-parent\" data-id=\"082dfa6\" data-element_type=\"container\" data-e-type=\"container\" data-settings=\"{&quot;background_background&quot;:&quot;classic&quot;}\">\n\t\t\t\t\t<div class=\"e-con-inner\">\n\t\t<div class=\"elementor-element elementor-element-85cbed1 e-con-full e-flex e-con e-child\" data-id=\"85cbed1\" data-element_type=\"container\" data-e-type=\"container\">\n\t\t\t\t<div class=\"elementor-element elementor-element-8560c1c elementor-widget elementor-widget-heading\" data-id=\"8560c1c\" data-element_type=\"widget\" data-e-type=\"widget\" data-widget_type=\"heading.default\">\n\t\t\t\t<div class=\"elementor-widget-container\">\n\t\t\t\t\t<h1 class=\"elementor-heading-title elementor-size-default\">\u00a1Bienvenido a nuestro sitio web!<\/h1>\t\t\t\t<\/div>\n\t\t\t\t<\/div>\n\t\t\t\t<div class=\"elementor-element elementor-element-d4a9409 elementor-align-center elementor-widget elementor-widget-button\" data-id=\"d4a9409\" data-element_type=\"widget\" data-e-type=\"widget\" data-widget_type=\"button.default\">\n\t\t\t\t<div class=\"elementor-widget-container\">\n\t\t\t\t\t\t\t\t\t<div class=\"elementor-button-wrapper\">\n\t\t\t\t\t<a class=\"elementor-button elementor-button-link elementor-size-sm\" href=\"#\/contact\/\">\n\t\t\t\t\t\t<span class=\"elementor-button-content-wrapper\">\n\t\t\t\t\t\t\t\t\t<span class=\"elementor-button-text\">Trabaja con nosotros<\/span>\n\t\t\t\t\t<\/span>\n\t\t\t\t\t<\/a>\n\t\t\t\t<\/div>\n\t\t\t\t\t\t\t\t<\/div>\n\t\t\t\t<\/div>\n\t\t\t\t<\/div>\n\t\t\t\t\t<\/div>\n\t\t\t\t<\/div>\n\t\t<div class=\"elementor-element elementor-element-7968468 e-flex e-con-boxed e-con e-parent\" data-id=\"7968468\" data-element_type=\"container\" data-e-type=\"container\" data-settings=\"{&quot;background_background&quot;:&quot;classic&quot;}\">\n\t\t\t\t\t<div class=\"e-con-inner\">\n\t\t<div class=\"elementor-element elementor-element-f32d2a3 e-grid e-con-full e-con e-child\" data-id=\"f32d2a3\" data-element_type=\"container\" data-e-type=\"container\" data-settings=\"{&quot;background_background&quot;:&quot;classic&quot;}\">\n\t\t<div class=\"elementor-element elementor-element-9490eb1 e-con-full e-flex e-con e-child\" data-id=\"9490eb1\" data-element_type=\"container\" data-e-type=\"container\">\n\t\t\t\t<div class=\"elementor-element elementor-element-4aeac2f elementor-widget elementor-widget-heading\" data-id=\"4aeac2f\" data-element_type=\"widget\" data-e-type=\"widget\" data-widget_type=\"heading.default\">\n\t\t\t\t<div class=\"elementor-widget-container\">\n\t\t\t\t\t<h2 class=\"elementor-heading-title elementor-size-default\">Creando espacios que cuentan una historia \u00fanica<\/h2>\t\t\t\t<\/div>\n\t\t\t\t<\/div>\n\t\t\t\t<div class=\"elementor-element elementor-element-b5d6e57 elementor-widget elementor-widget-text-editor\" data-id=\"b5d6e57\" data-element_type=\"widget\" data-e-type=\"widget\" data-widget_type=\"text-editor.default\">\n\t\t\t\t<div class=\"elementor-widget-container\">\n\t\t\t\t\t\t\t\t\t<p>En Architect Studio, creemos que la arquitectura es m\u00e1s que solo edificios: se trata de crear espacios que cuenten una historia. Desde el concepto inicial hasta la construcci\u00f3n final, estamos comprometidos a ofrecer dise\u00f1os atemporales que mejoren la forma en que vives y trabajas.<\/p>\t\t\t\t\t\t\t\t<\/div>\n\t\t\t\t<\/div>\n\t\t\t\t<div class=\"elementor-element elementor-element-acb5729 elementor-widget elementor-widget-button\" data-id=\"acb5729\" data-element_type=\"widget\" data-e-type=\"widget\" data-widget_type=\"button.default\">\n\t\t\t\t<div class=\"elementor-widget-container\">\n\t\t\t\t\t\t\t\t\t<div class=\"elementor-button-wrapper\">\n\t\t\t\t\t<a class=\"elementor-button elementor-button-link elementor-size-sm\" href=\"#\">\n\t\t\t\t\t\t<span class=\"elementor-button-content-wrapper\">\n\t\t\t\t\t\t\t\t\t<span class=\"elementor-button-text\">M\u00e1s informaci\u00f3n<\/span>\n\t\t\t\t\t<\/span>\n\t\t\t\t\t<\/a>\n\t\t\t\t<\/div>\n\t\t\t\t\t\t\t\t<\/div>\n\t\t\t\t<\/div>\n\t\t\t\t<\/div>\n\t\t<div class=\"elementor-element elementor-element-ff2a759 e-con-full e-flex e-con e-child\" data-id=\"ff2a759\" data-element_type=\"container\" data-e-type=\"container\">\n\t\t\t\t<div class=\"elementor-element elementor-element-602b168 elementor-widget elementor-widget-image\" data-id=\"602b168\" data-element_type=\"widget\" data-e-type=\"widget\" data-widget_type=\"image.default\">\n\t\t\t\t<div class=\"elementor-widget-container\">\n\t\t\t\t\t\t\t\t\t\t\t\t\t\t\t<img fetchpriority=\"high\" decoding=\"async\" width=\"800\" height=\"572\" src=\"https:\/\/tpscreenshots01.supserv.cozmoslabs.com\/wp-content\/uploads\/2024\/09\/tobias-keller-2ecH5Lw3zSk-unsplash-1024x732.jpg\" class=\"attachment-large size-large wp-image-200\" alt=\"\" srcset=\"https:\/\/tpscreenshots01.supserv.cozmoslabs.com\/wp-content\/uploads\/2024\/09\/tobias-keller-2ecH5Lw3zSk-unsplash-1024x732.jpg 1024w, https:\/\/tpscreenshots01.supserv.cozmoslabs.com\/wp-content\/uploads\/2024\/09\/tobias-keller-2ecH5Lw3zSk-unsplash-scaled-600x429.jpg 600w, https:\/\/tpscreenshots01.supserv.cozmoslabs.com\/wp-content\/uploads\/2024\/09\/tobias-keller-2ecH5Lw3zSk-unsplash-300x214.jpg 300w, https:\/\/tpscreenshots01.supserv.cozmoslabs.com\/wp-content\/uploads\/2024\/09\/tobias-keller-2ecH5Lw3zSk-unsplash-768x549.jpg 768w, https:\/\/tpscreenshots01.supserv.cozmoslabs.com\/wp-content\/uploads\/2024\/09\/tobias-keller-2ecH5Lw3zSk-unsplash-1536x1097.jpg 1536w, https:\/\/tpscreenshots01.supserv.cozmoslabs.com\/wp-content\/uploads\/2024\/09\/tobias-keller-2ecH5Lw3zSk-unsplash-2048x1463.jpg 2048w, https:\/\/tpscreenshots01.supserv.cozmoslabs.com\/wp-content\/uploads\/2024\/09\/tobias-keller-2ecH5Lw3zSk-unsplash-18x12.jpg 18w\" sizes=\"(max-width: 800px) 100vw, 800px\" \/>\t\t\t\t\t\t\t\t\t\t\t\t\t\t\t<\/div>\n\t\t\t\t<\/div>\n\t\t\t\t<\/div>\n\t\t\t\t<\/div>\n\t\t\t\t\t<\/div>\n\t\t\t\t<\/div>\n\t\t<div class=\"elementor-element elementor-element-626144a e-flex e-con-boxed e-con e-parent\" data-id=\"626144a\" data-element_type=\"container\" data-e-type=\"container\" data-settings=\"{&quot;background_background&quot;:&quot;classic&quot;}\">\n\t\t\t\t\t<div class=\"e-con-inner\">\n\t\t<div class=\"elementor-element elementor-element-7c9b69b e-con-full e-flex e-con e-child\" data-id=\"7c9b69b\" data-element_type=\"container\" data-e-type=\"container\" data-settings=\"{&quot;background_background&quot;:&quot;classic&quot;}\">\n\t\t\t\t<div class=\"elementor-element elementor-element-b062f41 elementor-widget elementor-widget-heading\" data-id=\"b062f41\" data-element_type=\"widget\" data-e-type=\"widget\" data-widget_type=\"heading.default\">\n\t\t\t\t<div class=\"elementor-widget-container\">\n\t\t\t\t\t<h2 class=\"elementor-heading-title elementor-size-default\">\u00bfListo para empezar tu proyecto?<\/h2>\t\t\t\t<\/div>\n\t\t\t\t<\/div>\n\t\t\t\t<div class=\"elementor-element elementor-element-18eda7a elementor-widget elementor-widget-text-editor\" data-id=\"18eda7a\" data-element_type=\"widget\" data-e-type=\"widget\" data-widget_type=\"text-editor.default\">\n\t\t\t\t<div class=\"elementor-widget-container\">\n\t\t\t\t\t\t\t\t\t<p>Ya sea que busque una casa personalizada o una renovaci\u00f3n comercial, estamos aqu\u00ed para ayudarle a hacer realidad su visi\u00f3n.<\/p>\t\t\t\t\t\t\t\t<\/div>\n\t\t\t\t<\/div>\n\t\t\t\t<div class=\"elementor-element elementor-element-00bea95 elementor-align-center elementor-widget elementor-widget-button\" data-id=\"00bea95\" data-element_type=\"widget\" data-e-type=\"widget\" data-widget_type=\"button.default\">\n\t\t\t\t<div class=\"elementor-widget-container\">\n\t\t\t\t\t\t\t\t\t<div class=\"elementor-button-wrapper\">\n\t\t\t\t\t<a class=\"elementor-button elementor-button-link elementor-size-sm\" href=\"http:\/\/Get%20in%20touch%20today!\">\n\t\t\t\t\t\t<span class=\"elementor-button-content-wrapper\">\n\t\t\t\t\t\t\t\t\t<span class=\"elementor-button-text\">M\u00e1s informaci\u00f3n<\/span>\n\t\t\t\t\t<\/span>\n\t\t\t\t\t<\/a>\n\t\t\t\t<\/div>\n\t\t\t\t\t\t\t\t<\/div>\n\t\t\t\t<\/div>\n\t\t\t\t<\/div>\n\t\t\t\t\t<\/div>\n\t\t\t\t<\/div>\n\t\t\t\t<\/div>","protected":false},"excerpt":{"rendered":"<p>Welcome to our Website! Work with us Creating spaces that tell a unique story At Architect Studio, we believe that architecture is about more than just buildings\u2014it&#8217;s about creating spaces that tell a story. From initial concept to final construction, we are committed to delivering timeless designs that enhance the way you live and work. [&hellip;]<\/p>\n","protected":false},"author":3,"featured_media":0,"parent":0,"menu_order":0,"comment_status":"closed","ping_status":"closed","template":"elementor_header_footer","meta":{"footnotes":""},"class_list":["post-57","page","type-page","status-publish","hentry"],"yoast_head":"<!-- This site is optimized with the Yoast SEO plugin v27.4 - https:\/\/yoast.com\/product\/yoast-seo-wordpress\/ -->\n<title>Home - Architect studio<\/title>\n<meta name=\"description\" content=\"gemini\" \/>\n<meta name=\"robots\" content=\"noindex, follow, max-snippet:-1, max-image-preview:large, max-video-preview:-1\" \/>\n<meta property=\"og:locale\" content=\"es_ES\" \/>\n<meta property=\"og:type\" content=\"article\" \/>\n<meta property=\"og:title\" content=\"Home - Architect studio\" \/>\n<meta property=\"og:description\" content=\"gemini\" \/>\n<meta property=\"og:url\" content=\"https:\/\/tpscreenshots01.supserv.cozmoslabs.com\/es\/\" \/>\n<meta property=\"og:site_name\" content=\"Architect studio\" \/>\n<meta property=\"article:modified_time\" content=\"2026-03-20T14:07:16+00:00\" \/>\n<meta property=\"og:image\" content=\"https:\/\/tpscreenshots01.supserv.cozmoslabs.com\/wp-content\/uploads\/2024\/09\/tobias-keller-2ecH5Lw3zSk-unsplash-1024x732.jpg\" \/>\n<meta name=\"twitter:card\" content=\"summary_large_image\" \/>\n<meta name=\"twitter:label1\" content=\"Tiempo de lectura\" \/>\n\t<meta name=\"twitter:data1\" content=\"1 minuto\" \/>\n<script type=\"application\/ld+json\" class=\"yoast-schema-graph\">{\"@context\":\"https:\\\/\\\/schema.org\",\"@graph\":[{\"@type\":\"WebPage\",\"@id\":\"https:\\\/\\\/tpscreenshots01.supserv.cozmoslabs.com\\\/\",\"url\":\"https:\\\/\\\/tpscreenshots01.supserv.cozmoslabs.com\\\/\",\"name\":\"Home - Architect studio\",\"isPartOf\":{\"@id\":\"https:\\\/\\\/tpscreenshots01.supserv.cozmoslabs.com\\\/#website\"},\"primaryImageOfPage\":{\"@id\":\"https:\\\/\\\/tpscreenshots01.supserv.cozmoslabs.com\\\/#primaryimage\"},\"image\":{\"@id\":\"https:\\\/\\\/tpscreenshots01.supserv.cozmoslabs.com\\\/#primaryimage\"},\"thumbnailUrl\":\"https:\\\/\\\/tpscreenshots01.supserv.cozmoslabs.com\\\/wp-content\\\/uploads\\\/2024\\\/09\\\/tobias-keller-2ecH5Lw3zSk-unsplash-1024x732.jpg\",\"datePublished\":\"2024-03-10T14:07:14+00:00\",\"dateModified\":\"2026-03-20T14:07:16+00:00\",\"description\":\"gemini\",\"breadcrumb\":{\"@id\":\"https:\\\/\\\/tpscreenshots01.supserv.cozmoslabs.com\\\/#breadcrumb\"},\"inLanguage\":\"es\",\"potentialAction\":[{\"@type\":\"ReadAction\",\"target\":[\"https:\\\/\\\/tpscreenshots01.supserv.cozmoslabs.com\\\/\"]}]},{\"@type\":\"ImageObject\",\"inLanguage\":\"es\",\"@id\":\"https:\\\/\\\/tpscreenshots01.supserv.cozmoslabs.com\\\/#primaryimage\",\"url\":\"https:\\\/\\\/tpscreenshots01.supserv.cozmoslabs.com\\\/wp-content\\\/uploads\\\/2024\\\/09\\\/tobias-keller-2ecH5Lw3zSk-unsplash-1024x732.jpg\",\"contentUrl\":\"https:\\\/\\\/tpscreenshots01.supserv.cozmoslabs.com\\\/wp-content\\\/uploads\\\/2024\\\/09\\\/tobias-keller-2ecH5Lw3zSk-unsplash-1024x732.jpg\"},{\"@type\":\"BreadcrumbList\",\"@id\":\"https:\\\/\\\/tpscreenshots01.supserv.cozmoslabs.com\\\/#breadcrumb\",\"itemListElement\":[{\"@type\":\"ListItem\",\"position\":1,\"name\":\"Home\",\"item\":\"https:\\\/\\\/tpscreenshots01.supserv.cozmoslabs.com\\\/\"},{\"@type\":\"ListItem\",\"position\":2,\"name\":\"Home\"}]},{\"@type\":\"WebSite\",\"@id\":\"https:\\\/\\\/tpscreenshots01.supserv.cozmoslabs.com\\\/#website\",\"url\":\"https:\\\/\\\/tpscreenshots01.supserv.cozmoslabs.com\\\/\",\"name\":\"Architect studio\",\"description\":\"\",\"potentialAction\":[{\"@type\":\"SearchAction\",\"target\":{\"@type\":\"EntryPoint\",\"urlTemplate\":\"https:\\\/\\\/tpscreenshots01.supserv.cozmoslabs.com\\\/?s={search_term_string}\"},\"query-input\":{\"@type\":\"PropertyValueSpecification\",\"valueRequired\":true,\"valueName\":\"search_term_string\"}}],\"inLanguage\":\"es\"}]}<\/script>\n<!-- \/ Yoast SEO plugin. -->","yoast_head_json":{"title":"Home - Architect studio","description":"gemini","robots":{"index":"noindex","follow":"follow","max-snippet":"max-snippet:-1","max-image-preview":"max-image-preview:large","max-video-preview":"max-video-preview:-1"},"og_locale":"es_ES","og_type":"article","og_title":"Home - Architect studio","og_description":"gemini","og_url":"https:\/\/tpscreenshots01.supserv.cozmoslabs.com\/es\/","og_site_name":"Architect studio","article_modified_time":"2026-03-20T14:07:16+00:00","og_image":[{"url":"https:\/\/tpscreenshots01.supserv.cozmoslabs.com\/wp-content\/uploads\/2024\/09\/tobias-keller-2ecH5Lw3zSk-unsplash-1024x732.jpg","type":"","width":"","height":""}],"twitter_card":"summary_large_image","twitter_misc":{"Tiempo de lectura":"1 minuto"},"schema":{"@context":"https:\/\/schema.org","@graph":[{"@type":"WebPage","@id":"https:\/\/tpscreenshots01.supserv.cozmoslabs.com\/","url":"https:\/\/tpscreenshots01.supserv.cozmoslabs.com\/","name":"Home - Architect studio","isPartOf":{"@id":"https:\/\/tpscreenshots01.supserv.cozmoslabs.com\/#website"},"primaryImageOfPage":{"@id":"https:\/\/tpscreenshots01.supserv.cozmoslabs.com\/#primaryimage"},"image":{"@id":"https:\/\/tpscreenshots01.supserv.cozmoslabs.com\/#primaryimage"},"thumbnailUrl":"https:\/\/tpscreenshots01.supserv.cozmoslabs.com\/wp-content\/uploads\/2024\/09\/tobias-keller-2ecH5Lw3zSk-unsplash-1024x732.jpg","datePublished":"2024-03-10T14:07:14+00:00","dateModified":"2026-03-20T14:07:16+00:00","description":"gemini","breadcrumb":{"@id":"https:\/\/tpscreenshots01.supserv.cozmoslabs.com\/#breadcrumb"},"inLanguage":"es","potentialAction":[{"@type":"ReadAction","target":["https:\/\/tpscreenshots01.supserv.cozmoslabs.com\/"]}]},{"@type":"ImageObject","inLanguage":"es","@id":"https:\/\/tpscreenshots01.supserv.cozmoslabs.com\/#primaryimage","url":"https:\/\/tpscreenshots01.supserv.cozmoslabs.com\/wp-content\/uploads\/2024\/09\/tobias-keller-2ecH5Lw3zSk-unsplash-1024x732.jpg","contentUrl":"https:\/\/tpscreenshots01.supserv.cozmoslabs.com\/wp-content\/uploads\/2024\/09\/tobias-keller-2ecH5Lw3zSk-unsplash-1024x732.jpg"},{"@type":"BreadcrumbList","@id":"https:\/\/tpscreenshots01.supserv.cozmoslabs.com\/#breadcrumb","itemListElement":[{"@type":"ListItem","position":1,"name":"Home","item":"https:\/\/tpscreenshots01.supserv.cozmoslabs.com\/"},{"@type":"ListItem","position":2,"name":"Home"}]},{"@type":"WebSite","@id":"https:\/\/tpscreenshots01.supserv.cozmoslabs.com\/#website","url":"https:\/\/tpscreenshots01.supserv.cozmoslabs.com\/","name":"Architect studio","description":"","potentialAction":[{"@type":"SearchAction","target":{"@type":"EntryPoint","urlTemplate":"https:\/\/tpscreenshots01.supserv.cozmoslabs.com\/?s={search_term_string}"},"query-input":{"@type":"PropertyValueSpecification","valueRequired":true,"valueName":"search_term_string"}}],"inLanguage":"es"}]}},"_links":{"self":[{"href":"https:\/\/tpscreenshots01.supserv.cozmoslabs.com\/es\/wp-json\/wp\/v2\/pages\/57","targetHints":{"allow":["GET"]}}],"collection":[{"href":"https:\/\/tpscreenshots01.supserv.cozmoslabs.com\/es\/wp-json\/wp\/v2\/pages"}],"about":[{"href":"https:\/\/tpscreenshots01.supserv.cozmoslabs.com\/es\/wp-json\/wp\/v2\/types\/page"}],"author":[{"embeddable":true,"href":"https:\/\/tpscreenshots01.supserv.cozmoslabs.com\/es\/wp-json\/wp\/v2\/users\/3"}],"replies":[{"embeddable":true,"href":"https:\/\/tpscreenshots01.supserv.cozmoslabs.com\/es\/wp-json\/wp\/v2\/comments?post=57"}],"version-history":[{"count":89,"href":"https:\/\/tpscreenshots01.supserv.cozmoslabs.com\/es\/wp-json\/wp\/v2\/pages\/57\/revisions"}],"predecessor-version":[{"id":586,"href":"https:\/\/tpscreenshots01.supserv.cozmoslabs.com\/es\/wp-json\/wp\/v2\/pages\/57\/revisions\/586"}],"wp:attachment":[{"href":"https:\/\/tpscreenshots01.supserv.cozmoslabs.com\/es\/wp-json\/wp\/v2\/media?parent=57"}],"curies":[{"name":"wp","href":"https:\/\/api.w.org\/{rel}","templated":true}]}}